{"id":1035,"date":"2024-06-18T10:35:30","date_gmt":"2024-06-18T08:35:30","guid":{"rendered":"https:\/\/stackweb.fr\/salon-chartres\/?page_id=1035"},"modified":"2024-06-18T10:35:30","modified_gmt":"2024-06-18T08:35:30","slug":"cgu","status":"publish","type":"page","link":"https:\/\/www.universcreatifs.com\/salon-compiegne\/cgu\/","title":{"rendered":"CGU"},"content":{"rendered":"\t\t<div data-elementor-type=\"wp-page\" data-elementor-id=\"1035\" class=\"elementor elementor-1035\" data-elementor-post-type=\"page\">\n\t\t\t\t\t\t<section class=\"elementor-section elementor-top-section elementor-element elementor-element-57478df elementor-section-boxed elementor-section-height-default elementor-section-height-default\" data-id=\"57478df\" data-element_type=\"section\">\n\t\t\t\t\t\t<div class=\"elementor-container elementor-column-gap-default\">\n\t\t\t\t\t<div class=\"elementor-column elementor-col-100 elementor-top-column elementor-element elementor-element-dc23add\" data-id=\"dc23add\" data-element_type=\"column\">\n\t\t\t<div class=\"elementor-widget-wrap elementor-element-populated\">\n\t\t\t\t\t\t<div class=\"elementor-element elementor-element-3649277 elementor-widget elementor-widget-heading\" data-id=\"3649277\" data-element_type=\"widget\" data-widget_type=\"heading.default\">\n\t\t\t\t<div class=\"elementor-widget-container\">\n\t\t\t<style>\/*! elementor - v3.22.0 - 17-06-2024 *\/\n.elementor-heading-title{padding:0;margin:0;line-height:1}.elementor-widget-heading .elementor-heading-title[class*=elementor-size-]>a{color:inherit;font-size:inherit;line-height:inherit}.elementor-widget-heading .elementor-heading-title.elementor-size-small{font-size:15px}.elementor-widget-heading .elementor-heading-title.elementor-size-medium{font-size:19px}.elementor-widget-heading .elementor-heading-title.elementor-size-large{font-size:29px}.elementor-widget-heading .elementor-heading-title.elementor-size-xl{font-size:39px}.elementor-widget-heading .elementor-heading-title.elementor-size-xxl{font-size:59px}<\/style><h2 class=\"elementor-heading-title elementor-size-medium\">Conditions G\u00e9n\u00e9rales d'Utilisation<\/h2>\t\t<\/div>\n\t\t\t\t<\/div>\n\t\t\t\t\t<\/div>\n\t\t<\/div>\n\t\t\t\t\t<\/div>\n\t\t<\/section>\n\t\t\t\t<section class=\"elementor-section elementor-top-section elementor-element elementor-element-0aedafc elementor-section-boxed elementor-section-height-default elementor-section-height-default\" data-id=\"0aedafc\" data-element_type=\"section\">\n\t\t\t\t\t\t<div class=\"elementor-container elementor-column-gap-default\">\n\t\t\t\t\t<div class=\"elementor-column elementor-col-100 elementor-top-column elementor-element elementor-element-83e60b7\" data-id=\"83e60b7\" data-element_type=\"column\">\n\t\t\t<div class=\"elementor-widget-wrap elementor-element-populated\">\n\t\t\t\t\t\t<div class=\"elementor-element elementor-element-8697aa1 elementor-widget elementor-widget-text-editor\" data-id=\"8697aa1\" data-element_type=\"widget\" data-widget_type=\"text-editor.default\">\n\t\t\t\t<div class=\"elementor-widget-container\">\n\t\t\t<style>\/*! elementor - v3.22.0 - 17-06-2024 *\/\n.elementor-widget-text-editor.elementor-drop-cap-view-stacked .elementor-drop-cap{background-color:#69727d;color:#fff}.elementor-widget-text-editor.elementor-drop-cap-view-framed .elementor-drop-cap{color:#69727d;border:3px solid;background-color:transparent}.elementor-widget-text-editor:not(.elementor-drop-cap-view-default) .elementor-drop-cap{margin-top:8px}.elementor-widget-text-editor:not(.elementor-drop-cap-view-default) .elementor-drop-cap-letter{width:1em;height:1em}.elementor-widget-text-editor .elementor-drop-cap{float:left;text-align:center;line-height:1;font-size:50px}.elementor-widget-text-editor .elementor-drop-cap-letter{display:inline-block}<\/style>\t\t\t\t<p><strong>Pr\u00e9ambule<\/strong><\/p><p>\u00a0<\/p><p><strong>Le site est la propri\u00e9t\u00e9 d\u2019UniversCr\u00e9atifs en sa totalit\u00e9, ainsi que l&rsquo;ensemble des droits y aff\u00e9rents. Toute la reproduction, int\u00e9grale ou partielle est interdite<\/strong><\/p><p><strong>Limitation de responsabilit\u00e9<\/strong><\/p><p>Vous utilisez le site\u00a0www.universcreatifs.com\u00a0sous votre seule et enti\u00e8re responsabilit\u00e9. UniversCr\u00e9atifs ne pourra pas \u00eatre tenus pour responsables des dommages directs ou indirects, tels que, notamment, pr\u00e9judice mat\u00e9riel, pertes de donn\u00e9es ou de programme, pr\u00e9judice financier, r\u00e9sultant de l\u2019utilisation de ce site ou de sites qui lui sont li\u00e9s.<\/p><p><strong>Protection des donn\u00e9es\u00a0:<\/strong><\/p><p>Le RGPD, R\u00e8glement G\u00e9n\u00e9ral sur la Protection des donn\u00e9es, est une r\u00e9glementation europ\u00e9enne visant \u00e0 renforcer la protection des donn\u00e9es personnelles. Le r\u00e8glement est applicable sur tout le territoire europ\u00e9en. Cette r\u00e9glementation s\u2019inscrit dans une volont\u00e9 communautaire d\u2019adapter la protection des citoyens \u00e0 l\u2019\u00e8re du num\u00e9rique et de la donn\u00e9e de masse.<\/p><p>UniverCr\u00e9atifs souhaite vous informer de la mani\u00e8re dont nous prot\u00e9geons vos donn\u00e9es \u00e0 caract\u00e8re personnel.<\/p><p><strong>Que sont les donn\u00e9es personnelles ?<\/strong><\/p><p>Les donn\u00e9es personnelles sont des donn\u00e9es permettant d\u2019identifier directement (nom, pr\u00e9nom, adresse mail, t\u00e9l\u00e9phone, code postal\u2026) ou indirectement (adresse mail) une personne physique.<br \/>Une adresse g\u00e9n\u00e9rique seule ne permet pas d\u2019identifier une personne physique(contact@nomdedomaine.fr).<br \/>La notion de \u00ab traitement \u00bb couvre tout un ensemble d\u2019op\u00e9rations effectu\u00e9es sur les donn\u00e9es : enregistrement, conservation, modification par transmission.<\/p><p><strong>A qui s\u2019adresse cette r\u00e9glementation ?<\/strong><\/p><p>Cette r\u00e9glementation s\u2019adresse \u00e0 toutes les structures, priv\u00e9es ou publiques, dont les Associations.<\/p><p><strong>Quelles donn\u00e9es personnelles collectons-nous ?<\/strong><\/p><p>UniversCr\u00e9atifs respecte l\u2019ensemble des dispositions r\u00e9glementaires et l\u00e9gislatives fran\u00e7aises et europ\u00e9ennes relatives \u00e0 la protection des donn\u00e9es.<br \/>Les donn\u00e9es collect\u00e9es doivent \u00eatre \u00ab ad\u00e9quates, pertinentes et non excessives au regard des finalit\u00e9s pour lesquelles elles ont \u00e9t\u00e9 collect\u00e9es \u00bb.<\/p><p>Dans ce cadre, UniversCr\u00e9atifs recueille des donn\u00e9es personnelles :<\/p><ul><li>Les adresses e-mails pour envoyer nos newsletters, concernant l\u2019\u00e9v\u00e9nement auquel vous vous \u00eates inscrit.<\/li><\/ul><p>Consulter le site internet et les informations d\u2019UniversCr\u00e9atifs ne requi\u00e8rent aucune forme d\u2019inscription, ce qui permet \u00e0 l\u2019utilisateur de visiter le site sans avoir \u00e0 s\u2019identifier.<\/p><p>Pour les campagnes d\u2019UniversCr\u00e9atifs (newsletters, sms \u2026) vous pouvez \u00e0 tout moment r\u00e9voquer votre consentement en cliquant sur le lien \u00ab se d\u00e9sabonner \u00bb, inscrit en bas des newsletters<\/p><p><strong>Comment utilisons-nous vos donn\u00e9es personnelles ?<\/strong><\/p><p>Nous ne vendons, ni ne louons aucune de vos donn\u00e9es personnelles.<\/p><p>Nous recueillons et traitons ces donn\u00e9es, conform\u00e9ment aux dispositions l\u00e9gales, en particulier du RGPD.<\/p><p>UniversCr\u00e9atifs peut faire appel \u00e0 des prestataires de services externes pour fournir certains services, qui effectuent certains traitements de donn\u00e9es pour notre compte et sur nos instructions.<\/p><p><strong>Quels sont vos droits concernant les donn\u00e9es personnelles ?<\/strong><\/p><p>Vous pouvez exercer les droits suivants attach\u00e9s \u00e0 vos donn\u00e9es personnelles :<br \/>\u2022 Droit d\u2019acc\u00e8s (article 15 RGPD)<br \/>\u2022 Droit de rectification (article 16 RGPD)<br \/>\u2022 Droit \u00e0 l\u2019effacement (droit \u00e0 l\u2019oubli) (article 17 RGPD)<br \/>\u2022 Droit \u00e0 la limitation du traitement (article 18 RGPD)<br \/>\u2022 Droit \u00e0 la portabilit\u00e9 des donn\u00e9es (article 20 RGPD)<br \/>\u2022 Droit d\u2019opposition (article 21 RGPD)<br \/>Pour exercer un de ses droits, vous pouvez \u00e9crire \u00e0 contact@cosmetic-valley.com<\/p><p><strong>Combien de temps sont conserv\u00e9es vos donn\u00e9es \u00e0 caract\u00e8re personnel ?<\/strong><\/p><p>L\u2019article 5 pr\u00e9cise que les donn\u00e9es doivent \u00eatre conserv\u00e9es \u00ab pendant une dur\u00e9e n\u2019exc\u00e9dant pas celle n\u00e9cessaire au regard des finalit\u00e9s pour lesquelles elles sont trait\u00e9es \u00bb. Nous conservons uniquement vos donn\u00e9es personnelles pour la p\u00e9riode n\u00e9cessaire \u00e0 l\u2019ex\u00e9cution des missions de UniversCr\u00e9atifs.<\/p><p>\u00a0<\/p><p><strong>Information sur l\u2019enregistrement \u00e0 nos informations\u00a0:<\/strong><\/p><p>L&rsquo;utilisateur fournit ses informations (nom, pr\u00e9nom, adresse mail, t\u00e9l\u00e9phone\u2026) en toute connaissance de cause, notamment lorsqu&rsquo;il proc\u00e8de par lui-m\u00eame \u00e0 leur saisie.<\/p>\t\t\t\t\t\t<\/div>\n\t\t\t\t<\/div>\n\t\t\t\t\t<\/div>\n\t\t<\/div>\n\t\t\t\t\t<\/div>\n\t\t<\/section>\n\t\t\t\t<\/div>\n\t\t","protected":false},"excerpt":{"rendered":"<p>Conditions G\u00e9n\u00e9rales d&rsquo;Utilisation Pr\u00e9ambule \u00a0 Le site est la propri\u00e9t\u00e9 d\u2019UniversCr\u00e9atifs en sa totalit\u00e9, ainsi que l&rsquo;ensemble des droits y aff\u00e9rents. Toute la reproduction, int\u00e9grale ou partielle est interdite Limitation de responsabilit\u00e9 Vous utilisez le site\u00a0www.universcreatifs.com\u00a0sous votre seule et enti\u00e8re responsabilit\u00e9. UniversCr\u00e9atifs ne pourra pas \u00eatre tenus pour responsables des dommages directs ou indirects, tels que, notamment, pr\u00e9judice mat\u00e9riel, pertes de donn\u00e9es ou de programme, pr\u00e9judice financier, r\u00e9sultant de l\u2019utilisation de ce site ou de sites qui lui sont li\u00e9s. Protection des donn\u00e9es\u00a0: Le RGPD, R\u00e8glement G\u00e9n\u00e9ral sur la Protection des donn\u00e9es, est une r\u00e9glementation europ\u00e9enne visant \u00e0 renforcer la protection des donn\u00e9es personnelles. Le r\u00e8glement est applicable sur tout le territoire europ\u00e9en. Cette r\u00e9glementation s\u2019inscrit dans une volont\u00e9 communautaire d\u2019adapter la protection des citoyens \u00e0 l\u2019\u00e8re du num\u00e9rique et de la donn\u00e9e de masse. UniverCr\u00e9atifs souhaite vous informer de la mani\u00e8re dont nous prot\u00e9geons vos donn\u00e9es \u00e0 caract\u00e8re personnel. Que sont les donn\u00e9es personnelles ? Les donn\u00e9es personnelles sont des donn\u00e9es permettant d\u2019identifier directement (nom, pr\u00e9nom, adresse mail, t\u00e9l\u00e9phone, code postal\u2026) ou indirectement (adresse mail) une personne physique.Une adresse g\u00e9n\u00e9rique seule ne permet pas d\u2019identifier une personne physique(contact@nomdedomaine.fr).La notion de \u00ab traitement \u00bb couvre tout un ensemble d\u2019op\u00e9rations effectu\u00e9es sur les donn\u00e9es : enregistrement, conservation, modification par transmission. A qui s\u2019adresse cette r\u00e9glementation ? Cette r\u00e9glementation s\u2019adresse \u00e0 toutes les structures, priv\u00e9es ou publiques, dont les Associations. Quelles donn\u00e9es personnelles collectons-nous ? UniversCr\u00e9atifs respecte l\u2019ensemble des dispositions r\u00e9glementaires et l\u00e9gislatives fran\u00e7aises et europ\u00e9ennes relatives \u00e0 la protection des donn\u00e9es.Les donn\u00e9es collect\u00e9es doivent \u00eatre \u00ab ad\u00e9quates, pertinentes et non excessives au regard des finalit\u00e9s pour lesquelles elles ont \u00e9t\u00e9 collect\u00e9es \u00bb. Dans ce cadre, UniversCr\u00e9atifs recueille des donn\u00e9es personnelles : Les adresses e-mails pour envoyer nos newsletters, concernant l\u2019\u00e9v\u00e9nement auquel vous vous \u00eates inscrit. Consulter le site internet et les informations d\u2019UniversCr\u00e9atifs ne requi\u00e8rent aucune forme d\u2019inscription, ce qui permet \u00e0 l\u2019utilisateur de visiter le site sans avoir \u00e0 s\u2019identifier. Pour les campagnes d\u2019UniversCr\u00e9atifs (newsletters, sms \u2026) vous pouvez \u00e0 tout moment r\u00e9voquer votre consentement en cliquant sur le lien \u00ab se d\u00e9sabonner \u00bb, inscrit en bas des newsletters Comment utilisons-nous vos donn\u00e9es personnelles ? Nous ne vendons, ni ne louons aucune de vos donn\u00e9es personnelles. Nous recueillons et traitons ces donn\u00e9es, conform\u00e9ment aux dispositions l\u00e9gales, en particulier du RGPD. UniversCr\u00e9atifs peut faire appel \u00e0 des prestataires de services externes pour fournir certains services, qui effectuent certains traitements de donn\u00e9es pour notre compte et sur nos instructions. Quels sont vos droits concernant les donn\u00e9es personnelles ? Vous pouvez exercer les droits suivants attach\u00e9s \u00e0 vos donn\u00e9es personnelles :\u2022 Droit d\u2019acc\u00e8s (article 15 RGPD)\u2022 Droit de rectification (article 16 RGPD)\u2022 Droit \u00e0 l\u2019effacement (droit \u00e0 l\u2019oubli) (article 17 RGPD)\u2022 Droit \u00e0 la limitation du traitement (article 18 RGPD)\u2022 Droit \u00e0 la portabilit\u00e9 des donn\u00e9es (article 20 RGPD)\u2022 Droit d\u2019opposition (article 21 RGPD)Pour exercer un de ses droits, vous pouvez \u00e9crire \u00e0 contact@cosmetic-valley.com Combien de temps sont conserv\u00e9es vos donn\u00e9es \u00e0 caract\u00e8re personnel ? L\u2019article 5 pr\u00e9cise que les donn\u00e9es doivent \u00eatre conserv\u00e9es \u00ab pendant une dur\u00e9e n\u2019exc\u00e9dant pas celle n\u00e9cessaire au regard des finalit\u00e9s pour lesquelles elles sont trait\u00e9es \u00bb. Nous conservons uniquement vos donn\u00e9es personnelles pour la p\u00e9riode n\u00e9cessaire \u00e0 l\u2019ex\u00e9cution des missions de UniversCr\u00e9atifs. \u00a0 Information sur l\u2019enregistrement \u00e0 nos informations\u00a0: L&rsquo;utilisateur fournit ses informations (nom, pr\u00e9nom, adresse mail, t\u00e9l\u00e9phone\u2026) en toute connaissance de cause, notamment lorsqu&rsquo;il proc\u00e8de par lui-m\u00eame \u00e0 leur saisie.<\/p>\n","protected":false},"author":2,"featured_media":0,"parent":0,"menu_order":10,"comment_status":"closed","ping_status":"closed","template":"","meta":{"_acf_changed":false,"footnotes":""},"class_list":["post-1035","page","type-page","status-publish","hentry"],"acf":[],"_links":{"self":[{"href":"https:\/\/www.universcreatifs.com\/salon-compiegne\/wp-json\/wp\/v2\/pages\/1035","targetHints":{"allow":["GET"]}}],"collection":[{"href":"https:\/\/www.universcreatifs.com\/salon-compiegne\/wp-json\/wp\/v2\/pages"}],"about":[{"href":"https:\/\/www.universcreatifs.com\/salon-compiegne\/wp-json\/wp\/v2\/types\/page"}],"author":[{"embeddable":true,"href":"https:\/\/www.universcreatifs.com\/salon-compiegne\/wp-json\/wp\/v2\/users\/2"}],"replies":[{"embeddable":true,"href":"https:\/\/www.universcreatifs.com\/salon-compiegne\/wp-json\/wp\/v2\/comments?post=1035"}],"version-history":[{"count":13,"href":"https:\/\/www.universcreatifs.com\/salon-compiegne\/wp-json\/wp\/v2\/pages\/1035\/revisions"}],"predecessor-version":[{"id":1104,"href":"https:\/\/www.universcreatifs.com\/salon-compiegne\/wp-json\/wp\/v2\/pages\/1035\/revisions\/1104"}],"wp:attachment":[{"href":"https:\/\/www.universcreatifs.com\/salon-compiegne\/wp-json\/wp\/v2\/media?parent=1035"}],"curies":[{"name":"wp","href":"https:\/\/api.w.org\/{rel}","templated":true}]}}